






{"id":25873,"date":"2026-04-15T14:04:49","date_gmt":"2026-04-15T14:04:49","guid":{"rendered":"https:\/\/joost.spiderhunts-coworkingspace.com\/?page_id=25873"},"modified":"2026-04-15T14:11:34","modified_gmt":"2026-04-15T14:11:34","slug":"school","status":"publish","type":"page","link":"https:\/\/joost.spiderhunts-coworkingspace.com\/fr\/school\/","title":{"rendered":"Toepassingen &#8211; School"},"content":{"rendered":"<div data-elementor-type=\"wp-page\" data-elementor-id=\"25873\" class=\"elementor elementor-25873\" data-elementor-post-type=\"page\">\n\t\t\t\t<div class=\"elementor-element elementor-element-9686724 e-flex e-con-boxed wpr-particle-no wpr-jarallax-no wpr-parallax-no wpr-sticky-section-no wpr-equal-height-no e-con e-parent\" data-id=\"9686724\" data-element_type=\"container\" data-e-type=\"container\" data-settings=\"{&quot;background_background&quot;:&quot;classic&quot;}\">\n\t\t\t\t\t<div class=\"e-con-inner\">\n\t\t\t\t<div class=\"elementor-element elementor-element-7c02c81 elementor-widget__width-initial elementor-invisible elementor-widget elementor-widget-heading\" data-id=\"7c02c81\" data-element_type=\"widget\" data-e-type=\"widget\" data-settings=\"{&quot;_animation&quot;:&quot;fadeInLeft&quot;}\" data-widget_type=\"heading.default\">\n\t\t\t\t\t<h2 class=\"elementor-heading-title elementor-size-default\">School<\/h2>\t\t\t\t<\/div>\n\t\t\t\t<div class=\"elementor-element elementor-element-b51536b elementor-widget__width-initial elementor-invisible elementor-widget elementor-widget-text-editor\" data-id=\"b51536b\" data-element_type=\"widget\" data-e-type=\"widget\" data-settings=\"{&quot;_animation&quot;:&quot;fadeInLeft&quot;}\" data-widget_type=\"text-editor.default\">\n\t\t\t\t\t\t\t\t\t<p>Een schone leeromgeving is essentieel<\/p>\t\t\t\t\t\t\t\t<\/div>\n\t\t\t\t\t<\/div>\n\t\t\t\t<\/div>\n\t\t<div class=\"elementor-element elementor-element-fc826b5 e-flex e-con-boxed wpr-particle-no wpr-jarallax-no wpr-parallax-no wpr-sticky-section-no wpr-equal-height-no e-con e-parent\" data-id=\"fc826b5\" data-element_type=\"container\" data-e-type=\"container\" data-settings=\"{&quot;background_background&quot;:&quot;classic&quot;}\">\n\t\t\t\t\t<div class=\"e-con-inner\">\n\t\t<div class=\"elementor-element elementor-element-b55dd13 e-con-full e-flex wpr-particle-no wpr-jarallax-no wpr-parallax-no wpr-sticky-section-no wpr-equal-height-no e-con e-child\" data-id=\"b55dd13\" data-element_type=\"container\" data-e-type=\"container\">\n\t\t\t\t<div class=\"elementor-element elementor-element-c2d06d4 elementor-invisible elementor-widget elementor-widget-heading\" data-id=\"c2d06d4\" data-element_type=\"widget\" data-e-type=\"widget\" data-settings=\"{&quot;_animation&quot;:&quot;fadeInLeft&quot;}\" data-widget_type=\"heading.default\">\n\t\t\t\t\t<h2 class=\"elementor-heading-title elementor-size-default\">Frisse scholen zijn de toekomst<\/h2>\t\t\t\t<\/div>\n\t\t\t\t<div class=\"elementor-element elementor-element-4dcd4a7 elementor-widget elementor-widget-text-editor\" data-id=\"4dcd4a7\" data-element_type=\"widget\" data-e-type=\"widget\" data-widget_type=\"text-editor.default\">\n\t\t\t\t\t\t\t\t\t<p>Een gezond binnenmilieu draagt bij aan minder allergie\u00ebn en minder ziekteverzuim van leerlingen en personeel. Een centraal stofzuigsysteem draagt bij aan een hygi\u00ebnische en prettige omgeving voor de leerlingen en uw personeel. Bij BEAM zorgen we voor een effici\u00ebnte manier van schoonmaken door slimme en kwalitatief hoogwaardige stofzuigoplossingen aan te bieden.<\/p>\t\t\t\t\t\t\t\t<\/div>\n\t\t\t\t<\/div>\n\t\t<div class=\"elementor-element elementor-element-d00d879 e-con-full e-flex wpr-particle-no wpr-jarallax-no wpr-parallax-no wpr-sticky-section-no wpr-equal-height-no e-con e-child\" data-id=\"d00d879\" data-element_type=\"container\" data-e-type=\"container\" data-settings=\"{&quot;background_background&quot;:&quot;classic&quot;}\">\n\t\t\t\t<\/div>\n\t\t\t\t\t<\/div>\n\t\t\t\t<\/div>\n\t\t<div class=\"elementor-element elementor-element-c330ec3 e-flex e-con-boxed wpr-particle-no wpr-jarallax-no wpr-parallax-no wpr-sticky-section-no wpr-equal-height-no e-con e-parent\" data-id=\"c330ec3\" data-element_type=\"container\" data-e-type=\"container\" data-settings=\"{&quot;background_background&quot;:&quot;classic&quot;}\">\n\t\t\t\t\t<div class=\"e-con-inner\">\n\t\t<div class=\"elementor-element elementor-element-3efb6ea e-con-full e-flex wpr-particle-no wpr-jarallax-no wpr-parallax-no wpr-sticky-section-no wpr-equal-height-no e-con e-child\" data-id=\"3efb6ea\" data-element_type=\"container\" data-e-type=\"container\" data-settings=\"{&quot;background_background&quot;:&quot;classic&quot;}\">\n\t\t\t\t<\/div>\n\t\t<div class=\"elementor-element elementor-element-2e0795a e-con-full e-flex wpr-particle-no wpr-jarallax-no wpr-parallax-no wpr-sticky-section-no wpr-equal-height-no e-con e-child\" data-id=\"2e0795a\" data-element_type=\"container\" data-e-type=\"container\" data-settings=\"{&quot;background_background&quot;:&quot;classic&quot;}\">\n\t\t\t\t<div class=\"elementor-element elementor-element-8addc33 elementor-invisible elementor-widget elementor-widget-heading\" data-id=\"8addc33\" data-element_type=\"widget\" data-e-type=\"widget\" data-settings=\"{&quot;_animation&quot;:&quot;fadeInRight&quot;}\" data-widget_type=\"heading.default\">\n\t\t\t\t\t<h2 class=\"elementor-heading-title elementor-size-default\">\nBetrouwbare partner<\/h2>\t\t\t\t<\/div>\n\t\t\t\t<div class=\"elementor-element elementor-element-bb37123 elementor-invisible elementor-widget elementor-widget-text-editor\" data-id=\"bb37123\" data-element_type=\"widget\" data-e-type=\"widget\" data-settings=\"{&quot;_animation&quot;:&quot;fadeInRight&quot;}\" data-widget_type=\"text-editor.default\">\n\t\t\t\t\t\t\t\t\t<div class=\"content col-12 col-lg-6 order-lg-12\"><p>De stofzuigers van BEAM zijn een begrip op scholen en worden dagelijks ingezet voor het reinigen van lokalen en kantines. Bij BEAM begrijpen we dat een schone lucht een must is. Daarom vinden wij het vanzelfsprekend om mee te denken en een stofzuigoplossing samen te stellen die is afgestemd op de wensen en behoefte van uw instelling.<\/p><\/div>\t\t\t\t\t\t\t\t<\/div>\n\t\t<div class=\"elementor-element elementor-element-ab0d393 e-con-full e-flex wpr-particle-no wpr-jarallax-no wpr-parallax-no wpr-sticky-section-no wpr-equal-height-no e-con e-child\" data-id=\"ab0d393\" data-element_type=\"container\" data-e-type=\"container\">\n\t\t\t\t<div class=\"elementor-element elementor-element-a6436d6 elementor-widget elementor-widget-button\" data-id=\"a6436d6\" data-element_type=\"widget\" data-e-type=\"widget\" data-widget_type=\"button.default\">\n\t\t\t\t\t\t\t\t\t\t<a class=\"elementor-button elementor-button-link elementor-size-sm elementor-animation-bob\" href=\"#\">\n\t\t\t\t\t\t<span class=\"elementor-button-content-wrapper\">\n\t\t\t\t\t\t\t\t\t<span class=\"elementor-button-text\">Offerte Aanvragen<\/span>\n\t\t\t\t\t<\/span>\n\t\t\t\t\t<\/a>\n\t\t\t\t\t\t\t\t<\/div>\n\t\t\t\t<\/div>\n\t\t\t\t<\/div>\n\t\t\t\t\t<\/div>\n\t\t\t\t<\/div>\n\t\t<div class=\"elementor-element elementor-element-538763f elementor-hidden-desktop elementor-hidden-tablet elementor-hidden-mobile e-flex e-con-boxed wpr-particle-no wpr-jarallax-no wpr-parallax-no wpr-sticky-section-no wpr-equal-height-no e-con e-parent\" data-id=\"538763f\" data-element_type=\"container\" data-e-type=\"container\">\n\t\t\t\t\t<div class=\"e-con-inner\">\n\t\t\t\t<div class=\"elementor-element elementor-element-57e2116 elementor-invisible elementor-widget elementor-widget-heading\" data-id=\"57e2116\" data-element_type=\"widget\" data-e-type=\"widget\" data-settings=\"{&quot;_animation&quot;:&quot;fadeInUp&quot;}\" data-widget_type=\"heading.default\">\n\t\t\t\t\t<h2 class=\"elementor-heading-title elementor-size-default\">Recommended products<\/h2>\t\t\t\t<\/div>\n\t\t\t\t\t<\/div>\n\t\t\t\t<\/div>\n\t\t<div class=\"elementor-element elementor-element-085ce1d e-flex e-con-boxed wpr-particle-no wpr-jarallax-no wpr-parallax-no wpr-sticky-section-no wpr-equal-height-no e-con e-parent\" data-id=\"085ce1d\" data-element_type=\"container\" data-e-type=\"container\" data-settings=\"{&quot;background_background&quot;:&quot;classic&quot;}\">\n\t\t\t\t\t<div class=\"e-con-inner\">\n\t\t\t\t<div class=\"elementor-element elementor-element-7e77e58 elementor-widget__width-initial elementor-invisible elementor-widget elementor-widget-heading\" data-id=\"7e77e58\" data-element_type=\"widget\" data-e-type=\"widget\" data-settings=\"{&quot;_animation&quot;:&quot;fadeInUp&quot;}\" data-widget_type=\"heading.default\">\n\t\t\t\t\t<h2 class=\"elementor-heading-title elementor-size-default\"><strong class=\"h2 c-primary\">Weten hoeveel een centraal stofzuigsysteem voor uw school gaat kosten?<\/strong><\/h2>\t\t\t\t<\/div>\n\t\t<div class=\"elementor-element elementor-element-2b164eb e-con-full e-flex wpr-particle-no wpr-jarallax-no wpr-parallax-no wpr-sticky-section-no wpr-equal-height-no e-con e-child\" data-id=\"2b164eb\" data-element_type=\"container\" data-e-type=\"container\">\n\t\t\t\t<div class=\"elementor-element elementor-element-31b21d3 elementor-widget elementor-widget-button\" data-id=\"31b21d3\" data-element_type=\"widget\" data-e-type=\"widget\" data-widget_type=\"button.default\">\n\t\t\t\t\t\t\t\t\t\t<a class=\"elementor-button elementor-button-link elementor-size-sm elementor-animation-bob\" href=\"#\">\n\t\t\t\t\t\t<span class=\"elementor-button-content-wrapper\">\n\t\t\t\t\t\t\t\t\t<span class=\"elementor-button-text\">Vraag een offerte aan<\/span>\n\t\t\t\t\t<\/span>\n\t\t\t\t\t<\/a>\n\t\t\t\t\t\t\t\t<\/div>\n\t\t\t\t<\/div>\n\t\t\t\t\t<\/div>\n\t\t\t\t<\/div>\n\t\t\t\t<\/div>","protected":false},"excerpt":{"rendered":"<p>School Een schone leeromgeving is essentieel Frisse scholen zijn de toekomst Een gezond binnenmilieu draagt bij aan minder allergie\u00ebn en minder ziekteverzuim van leerlingen en personeel. Een centraal stofzuigsysteem draagt bij aan een hygi\u00ebnische en prettige omgeving voor de leerlingen en uw personeel. Bij BEAM zorgen we voor een effici\u00ebnte manier van schoonmaken door slimme en kwalitatief hoogwaardige stofzuigoplossingen aan te bieden. Betrouwbare partner De stofzuigers van BEAM zijn een begrip op scholen en worden dagelijks ingezet voor het reinigen van lokalen en kantines. Bij BEAM begrijpen we dat een schone lucht een must is. Daarom vinden wij het vanzelfsprekend om mee te denken en een stofzuigoplossing samen te stellen die is afgestemd op de wensen en behoefte van uw instelling. Offerte Aanvragen Recommended products Weten hoeveel een centraal stofzuigsysteem voor uw school gaat kosten? Vraag een offerte aan<\/p>","protected":false},"author":1,"featured_media":0,"parent":0,"menu_order":0,"comment_status":"closed","ping_status":"closed","template":"elementor_header_footer","meta":{"_acf_changed":false,"postBodyCss":"","postBodyMargin":[],"postBodyPadding":[],"postBodyBackground":{"backgroundType":"classic","gradient":""},"footnotes":""},"class_list":["post-25873","page","type-page","status-publish","hentry"],"acf":[],"_links":{"self":[{"href":"https:\/\/joost.spiderhunts-coworkingspace.com\/fr\/wp-json\/wp\/v2\/pages\/25873","targetHints":{"allow":["GET"]}}],"collection":[{"href":"https:\/\/joost.spiderhunts-coworkingspace.com\/fr\/wp-json\/wp\/v2\/pages"}],"about":[{"href":"https:\/\/joost.spiderhunts-coworkingspace.com\/fr\/wp-json\/wp\/v2\/types\/page"}],"author":[{"embeddable":true,"href":"https:\/\/joost.spiderhunts-coworkingspace.com\/fr\/wp-json\/wp\/v2\/users\/1"}],"replies":[{"embeddable":true,"href":"https:\/\/joost.spiderhunts-coworkingspace.com\/fr\/wp-json\/wp\/v2\/comments?post=25873"}],"version-history":[{"count":5,"href":"https:\/\/joost.spiderhunts-coworkingspace.com\/fr\/wp-json\/wp\/v2\/pages\/25873\/revisions"}],"predecessor-version":[{"id":44110,"href":"https:\/\/joost.spiderhunts-coworkingspace.com\/fr\/wp-json\/wp\/v2\/pages\/25873\/revisions\/44110"}],"wp:attachment":[{"href":"https:\/\/joost.spiderhunts-coworkingspace.com\/fr\/wp-json\/wp\/v2\/media?parent=25873"}],"curies":[{"name":"wp","href":"https:\/\/api.w.org\/{rel}","templated":true}]}}